{"id":18,"date":"2025-12-15T08:35:02","date_gmt":"2025-12-15T08:35:02","guid":{"rendered":"https:\/\/dualko-eu.org\/?page_id=18"},"modified":"2026-01-30T15:37:59","modified_gmt":"2026-01-30T15:37:59","slug":"consortium","status":"publish","type":"page","link":"https:\/\/dualko-eu.org\/?page_id=18","title":{"rendered":"Consortium"},"content":{"rendered":"\t\t<div data-elementor-type=\"wp-page\" data-elementor-id=\"18\" class=\"elementor elementor-18\" data-elementor-post-type=\"page\">\n\t\t\t\t<div class=\"elementor-element elementor-element-490969b7 e-flex e-con-boxed e-con e-parent\" data-id=\"490969b7\" data-element_type=\"container\" data-e-type=\"container\" data-settings=\"{&quot;background_background&quot;:&quot;classic&quot;}\">\n\t\t\t\t\t<div class=\"e-con-inner\">\n\t\t<div class=\"elementor-element elementor-element-ca16885 e-con-full e-flex e-con e-child\" data-id=\"ca16885\" data-element_type=\"container\" data-e-type=\"container\">\n\t\t\t\t<div class=\"elementor-element elementor-element-39d154c elementor-widget elementor-widget-heading\" data-id=\"39d154c\" data-element_type=\"widget\" data-e-type=\"widget\" data-widget_type=\"heading.default\">\n\t\t\t\t\t<h2 class=\"elementor-heading-title elementor-size-default\">PROJECT PARTNERS<\/h2>\t\t\t\t<\/div>\n\t\t\t\t<\/div>\n\t\t\t\t\t<\/div>\n\t\t\t\t<\/div>\n\t\t<div class=\"elementor-element elementor-element-6350709 e-flex e-con-boxed e-con e-parent\" data-id=\"6350709\" data-element_type=\"container\" data-e-type=\"container\" data-settings=\"{&quot;background_background&quot;:&quot;classic&quot;}\">\n\t\t\t\t\t<div class=\"e-con-inner\">\n\t\t<div class=\"elementor-element elementor-element-6a2a26e e-con-full e-flex e-con e-child\" data-id=\"6a2a26e\" data-element_type=\"container\" data-e-type=\"container\">\n\t\t<div class=\"elementor-element elementor-element-38fd50e e-con-full e-flex e-con e-child\" data-id=\"38fd50e\" data-element_type=\"container\" data-e-type=\"container\">\n\t\t\t\t<div class=\"elementor-element elementor-element-f278469 elementor-widget elementor-widget-text-editor\" data-id=\"f278469\" data-element_type=\"widget\" data-e-type=\"widget\" data-widget_type=\"text-editor.default\">\n\t\t\t\t\t\t\t\t\t<h5>Universiteti \u201cAleksand\u00ebr Xhuvani\u201d Elbasan \u2013 Albania<\/h5>\t\t\t\t\t\t\t\t<\/div>\n\t\t\t\t<\/div>\n\t\t<div class=\"elementor-element elementor-element-3e9ad70 e-con-full e-flex e-con e-child\" data-id=\"3e9ad70\" data-element_type=\"container\" data-e-type=\"container\">\n\t\t\t\t<div class=\"elementor-element elementor-element-8519e6a elementor-widget elementor-widget-image\" data-id=\"8519e6a\" data-element_type=\"widget\" data-e-type=\"widget\" data-widget_type=\"image.default\">\n\t\t\t\t\t\t\t\t\t\t\t\t\t\t\t<img decoding=\"async\" width=\"275\" height=\"80\" src=\"https:\/\/dualko-eu.org\/wp-content\/uploads\/2025\/12\/logo-uniel.png\" class=\"attachment-large size-large wp-image-116\" alt=\"\" \/>\t\t\t\t\t\t\t\t\t\t\t\t\t\t\t<\/div>\n\t\t\t\t<\/div>\n\t\t<div class=\"elementor-element elementor-element-153dabd e-con-full e-flex e-con e-child\" data-id=\"153dabd\" data-element_type=\"container\" data-e-type=\"container\">\n\t\t\t\t<div class=\"elementor-element elementor-element-e1eec85 elementor-widget elementor-widget-image\" data-id=\"e1eec85\" data-element_type=\"widget\" data-e-type=\"widget\" data-widget_type=\"image.default\">\n\t\t\t\t\t\t\t\t\t\t\t\t\t\t\t<img decoding=\"async\" width=\"227\" height=\"65\" src=\"https:\/\/dualko-eu.org\/wp-content\/uploads\/2025\/12\/fh-logo.jpg\" class=\"attachment-1536x1536 size-1536x1536 wp-image-121\" alt=\"\" \/>\t\t\t\t\t\t\t\t\t\t\t\t\t\t\t<\/div>\n\t\t\t\t<\/div>\n\t\t<div class=\"elementor-element elementor-element-f8704d5 e-con-full e-flex e-con e-child\" data-id=\"f8704d5\" data-element_type=\"container\" data-e-type=\"container\">\n\t\t\t\t<div class=\"elementor-element elementor-element-d6f3865 elementor-widget elementor-widget-text-editor\" data-id=\"d6f3865\" data-element_type=\"widget\" data-e-type=\"widget\" data-widget_type=\"text-editor.default\">\n\t\t\t\t\t\t\t\t\t<h5>FH JOANNEUM Gesellschaft mbH \u2013 Austria<\/h5>\t\t\t\t\t\t\t\t<\/div>\n\t\t\t\t<\/div>\n\t\t\t\t<\/div>\n\t\t\t\t\t<\/div>\n\t\t\t\t<\/div>\n\t\t<div class=\"elementor-element elementor-element-aa05faa e-flex e-con-boxed e-con e-parent\" data-id=\"aa05faa\" data-element_type=\"container\" data-e-type=\"container\" data-settings=\"{&quot;background_background&quot;:&quot;classic&quot;}\">\n\t\t\t\t\t<div class=\"e-con-inner\">\n\t\t<div class=\"elementor-element elementor-element-07d6b90 e-con-full e-flex e-con e-child\" data-id=\"07d6b90\" data-element_type=\"container\" data-e-type=\"container\">\n\t\t<div class=\"elementor-element elementor-element-498fdb9 e-con-full e-flex e-con e-child\" data-id=\"498fdb9\" data-element_type=\"container\" data-e-type=\"container\">\n\t\t\t\t<div class=\"elementor-element elementor-element-0751b78 elementor-widget elementor-widget-text-editor\" data-id=\"0751b78\" data-element_type=\"widget\" data-e-type=\"widget\" data-widget_type=\"text-editor.default\">\n\t\t\t\t\t\t\t\t\t<h5>Akademia WSB \u2013 Poland<\/h5>\t\t\t\t\t\t\t\t<\/div>\n\t\t\t\t<\/div>\n\t\t<div class=\"elementor-element elementor-element-75f830a e-con-full e-flex e-con e-child\" data-id=\"75f830a\" data-element_type=\"container\" data-e-type=\"container\">\n\t\t\t\t<div class=\"elementor-element elementor-element-c1d5b79 elementor-widget elementor-widget-image\" data-id=\"c1d5b79\" data-element_type=\"widget\" data-e-type=\"widget\" data-widget_type=\"image.default\">\n\t\t\t\t\t\t\t\t\t\t\t\t\t\t\t<img decoding=\"async\" width=\"224\" height=\"80\" src=\"https:\/\/dualko-eu.org\/wp-content\/uploads\/2025\/12\/wsb-logo.jpg\" class=\"attachment-large size-large wp-image-125\" alt=\"\" \/>\t\t\t\t\t\t\t\t\t\t\t\t\t\t\t<\/div>\n\t\t\t\t<\/div>\n\t\t<div class=\"elementor-element elementor-element-b4b5713 e-con-full e-flex e-con e-child\" data-id=\"b4b5713\" data-element_type=\"container\" data-e-type=\"container\">\n\t\t\t\t<div class=\"elementor-element elementor-element-60dc51f elementor-widget elementor-widget-image\" data-id=\"60dc51f\" data-element_type=\"widget\" data-e-type=\"widget\" data-widget_type=\"image.default\">\n\t\t\t\t\t\t\t\t\t\t\t\t\t\t\t<img loading=\"lazy\" decoding=\"async\" width=\"194\" height=\"94\" src=\"https:\/\/dualko-eu.org\/wp-content\/uploads\/2025\/12\/pafos-logo.jpg\" class=\"attachment-1536x1536 size-1536x1536 wp-image-126\" alt=\"\" \/>\t\t\t\t\t\t\t\t\t\t\t\t\t\t\t<\/div>\n\t\t\t\t<\/div>\n\t\t<div class=\"elementor-element elementor-element-5e77c50 e-con-full e-flex e-con e-child\" data-id=\"5e77c50\" data-element_type=\"container\" data-e-type=\"container\">\n\t\t\t\t<div class=\"elementor-element elementor-element-0072860 elementor-widget elementor-widget-text-editor\" data-id=\"0072860\" data-element_type=\"widget\" data-e-type=\"widget\" data-widget_type=\"text-editor.default\">\n\t\t\t\t\t\t\t\t\t<h5>Neapolis University \u2013 Cyprus<\/h5>\t\t\t\t\t\t\t\t<\/div>\n\t\t\t\t<\/div>\n\t\t\t\t<\/div>\n\t\t\t\t\t<\/div>\n\t\t\t\t<\/div>\n\t\t<div class=\"elementor-element elementor-element-1f42e44 e-flex e-con-boxed e-con e-parent\" data-id=\"1f42e44\" data-element_type=\"container\" data-e-type=\"container\" data-settings=\"{&quot;background_background&quot;:&quot;classic&quot;}\">\n\t\t\t\t\t<div class=\"e-con-inner\">\n\t\t<div class=\"elementor-element elementor-element-c6b072f e-con-full e-flex e-con e-child\" data-id=\"c6b072f\" data-element_type=\"container\" data-e-type=\"container\">\n\t\t<div class=\"elementor-element elementor-element-967d70f e-con-full e-flex e-con e-child\" data-id=\"967d70f\" data-element_type=\"container\" data-e-type=\"container\">\n\t\t\t\t<div class=\"elementor-element elementor-element-c3f5f9f elementor-widget elementor-widget-text-editor\" data-id=\"c3f5f9f\" data-element_type=\"widget\" data-e-type=\"widget\" data-widget_type=\"text-editor.default\">\n\t\t\t\t\t\t\t\t\t<h5>European<strong> University of Tirana (UET) \u2013 Albania<\/strong><\/h5>\t\t\t\t\t\t\t\t<\/div>\n\t\t\t\t<\/div>\n\t\t<div class=\"elementor-element elementor-element-6d774d1 e-con-full e-flex e-con e-child\" data-id=\"6d774d1\" data-element_type=\"container\" data-e-type=\"container\">\n\t\t\t\t<div class=\"elementor-element elementor-element-fcbdd09 elementor-widget elementor-widget-image\" data-id=\"fcbdd09\" data-element_type=\"widget\" data-e-type=\"widget\" data-widget_type=\"image.default\">\n\t\t\t\t\t\t\t\t\t\t\t\t\t\t\t<img loading=\"lazy\" decoding=\"async\" width=\"308\" height=\"99\" src=\"https:\/\/dualko-eu.org\/wp-content\/uploads\/2025\/12\/uet-logo.jpg\" class=\"attachment-large size-large wp-image-131\" alt=\"\" srcset=\"https:\/\/dualko-eu.org\/wp-content\/uploads\/2025\/12\/uet-logo.jpg 308w, https:\/\/dualko-eu.org\/wp-content\/uploads\/2025\/12\/uet-logo-300x96.jpg 300w\" sizes=\"(max-width: 308px) 100vw, 308px\" \/>\t\t\t\t\t\t\t\t\t\t\t\t\t\t\t<\/div>\n\t\t\t\t<\/div>\n\t\t<div class=\"elementor-element elementor-element-728c35c e-con-full e-flex e-con e-child\" data-id=\"728c35c\" data-element_type=\"container\" data-e-type=\"container\" data-settings=\"{&quot;background_background&quot;:&quot;classic&quot;}\">\n\t\t\t\t<div class=\"elementor-element elementor-element-51d7ad9 elementor-widget elementor-widget-image\" data-id=\"51d7ad9\" data-element_type=\"widget\" data-e-type=\"widget\" data-widget_type=\"image.default\">\n\t\t\t\t\t\t\t\t\t\t\t\t\t\t\t<img loading=\"lazy\" decoding=\"async\" width=\"700\" height=\"158\" src=\"https:\/\/dualko-eu.org\/wp-content\/uploads\/2025\/12\/logo-kolegji.png\" class=\"attachment-1536x1536 size-1536x1536 wp-image-132\" alt=\"\" srcset=\"https:\/\/dualko-eu.org\/wp-content\/uploads\/2025\/12\/logo-kolegji.png 700w, https:\/\/dualko-eu.org\/wp-content\/uploads\/2025\/12\/logo-kolegji-300x68.png 300w\" sizes=\"(max-width: 700px) 100vw, 700px\" \/>\t\t\t\t\t\t\t\t\t\t\t\t\t\t\t<\/div>\n\t\t\t\t<\/div>\n\t\t<div class=\"elementor-element elementor-element-bbbf179 e-con-full e-flex e-con e-child\" data-id=\"bbbf179\" data-element_type=\"container\" data-e-type=\"container\">\n\t\t\t\t<div class=\"elementor-element elementor-element-0a52013 elementor-widget elementor-widget-text-editor\" data-id=\"0a52013\" data-element_type=\"widget\" data-e-type=\"widget\" data-widget_type=\"text-editor.default\">\n\t\t\t\t\t\t\t\t\t<h5>Kolegji Universum O.P. \u2013 Kosovo<\/h5>\t\t\t\t\t\t\t\t<\/div>\n\t\t\t\t<\/div>\n\t\t\t\t<\/div>\n\t\t\t\t\t<\/div>\n\t\t\t\t<\/div>\n\t\t<div class=\"elementor-element elementor-element-c2f1409 e-flex e-con-boxed e-con e-parent\" data-id=\"c2f1409\" data-element_type=\"container\" data-e-type=\"container\" data-settings=\"{&quot;background_background&quot;:&quot;classic&quot;}\">\n\t\t\t\t\t<div class=\"e-con-inner\">\n\t\t<div class=\"elementor-element elementor-element-ac26499 e-con-full e-flex e-con e-child\" data-id=\"ac26499\" data-element_type=\"container\" data-e-type=\"container\">\n\t\t<div class=\"elementor-element elementor-element-289dc82 e-con-full e-flex e-con e-child\" data-id=\"289dc82\" data-element_type=\"container\" data-e-type=\"container\">\n\t\t\t\t<div class=\"elementor-element elementor-element-fdc7c4f elementor-widget elementor-widget-text-editor\" data-id=\"fdc7c4f\" data-element_type=\"widget\" data-e-type=\"widget\" data-widget_type=\"text-editor.default\">\n\t\t\t\t\t\t\t\t\t<h5>Universiteti Publik \u201cKadri Zeka\u201d \u2013 Kosovo<\/h5>\t\t\t\t\t\t\t\t<\/div>\n\t\t\t\t<\/div>\n\t\t<div class=\"elementor-element elementor-element-ef21b7a e-con-full e-flex e-con e-child\" data-id=\"ef21b7a\" data-element_type=\"container\" data-e-type=\"container\">\n\t\t\t\t<div class=\"elementor-element elementor-element-a7fc036 elementor-widget elementor-widget-image\" data-id=\"a7fc036\" data-element_type=\"widget\" data-e-type=\"widget\" data-widget_type=\"image.default\">\n\t\t\t\t\t\t\t\t\t\t\t\t\t\t\t<img loading=\"lazy\" decoding=\"async\" width=\"268\" height=\"95\" src=\"https:\/\/dualko-eu.org\/wp-content\/uploads\/2025\/12\/kadri-logo.jpg\" class=\"attachment-large size-large wp-image-136\" alt=\"\" \/>\t\t\t\t\t\t\t\t\t\t\t\t\t\t\t<\/div>\n\t\t\t\t<\/div>\n\t\t<div class=\"elementor-element elementor-element-c878200 e-con-full e-flex e-con e-child\" data-id=\"c878200\" data-element_type=\"container\" data-e-type=\"container\">\n\t\t\t\t<div class=\"elementor-element elementor-element-3a82b5a elementor-widget elementor-widget-image\" data-id=\"3a82b5a\" data-element_type=\"widget\" data-e-type=\"widget\" data-widget_type=\"image.default\">\n\t\t\t\t\t\t\t\t\t\t\t\t\t\t\t<img loading=\"lazy\" decoding=\"async\" width=\"220\" height=\"88\" src=\"https:\/\/dualko-eu.org\/wp-content\/uploads\/2025\/12\/stikk-logo.jpg\" class=\"attachment-1536x1536 size-1536x1536 wp-image-137\" alt=\"\" \/>\t\t\t\t\t\t\t\t\t\t\t\t\t\t\t<\/div>\n\t\t\t\t<\/div>\n\t\t<div class=\"elementor-element elementor-element-a434287 e-con-full e-flex e-con e-child\" data-id=\"a434287\" data-element_type=\"container\" data-e-type=\"container\">\n\t\t\t\t<div class=\"elementor-element elementor-element-62a8f9e elementor-widget elementor-widget-text-editor\" data-id=\"62a8f9e\" data-element_type=\"widget\" data-e-type=\"widget\" data-widget_type=\"text-editor.default\">\n\t\t\t\t\t\t\t\t\t<h5>Shoqata p\u00ebr Teknologji t\u00eb Informacionit dhe t\u00eb Komunikimit (TIK) \u2013 Kosovo<\/h5>\t\t\t\t\t\t\t\t<\/div>\n\t\t\t\t<\/div>\n\t\t\t\t<\/div>\n\t\t\t\t\t<\/div>\n\t\t\t\t<\/div>\n\t\t<div class=\"elementor-element elementor-element-02bddbe e-flex e-con-boxed e-con e-parent\" data-id=\"02bddbe\" data-element_type=\"container\" data-e-type=\"container\" data-settings=\"{&quot;background_background&quot;:&quot;classic&quot;}\">\n\t\t\t\t\t<div class=\"e-con-inner\">\n\t\t<div class=\"elementor-element elementor-element-6153d8b e-con-full e-flex e-con e-child\" data-id=\"6153d8b\" data-element_type=\"container\" data-e-type=\"container\">\n\t\t<div class=\"elementor-element elementor-element-dbebb26 e-con-full e-flex e-con e-child\" data-id=\"dbebb26\" data-element_type=\"container\" data-e-type=\"container\">\n\t\t\t\t<div class=\"elementor-element elementor-element-69236be elementor-widget elementor-widget-text-editor\" data-id=\"69236be\" data-element_type=\"widget\" data-e-type=\"widget\" data-widget_type=\"text-editor.default\">\n\t\t\t\t\t\t\t\t\t<h5>A and I Services and Consulting \u2013 Albania<\/h5>\t\t\t\t\t\t\t\t<\/div>\n\t\t\t\t<\/div>\n\t\t<div class=\"elementor-element elementor-element-4a961eb e-con-full e-flex e-con e-child\" data-id=\"4a961eb\" data-element_type=\"container\" data-e-type=\"container\">\n\t\t\t\t<div class=\"elementor-element elementor-element-51d7d52 elementor-widget elementor-widget-image\" data-id=\"51d7d52\" data-element_type=\"widget\" data-e-type=\"widget\" data-widget_type=\"image.default\">\n\t\t\t\t\t\t\t\t\t\t\t\t\t\t\t<img loading=\"lazy\" decoding=\"async\" width=\"181\" height=\"72\" src=\"https:\/\/dualko-eu.org\/wp-content\/uploads\/2025\/12\/a-i-logo.jpg\" class=\"attachment-large size-large wp-image-141\" alt=\"\" \/>\t\t\t\t\t\t\t\t\t\t\t\t\t\t\t<\/div>\n\t\t\t\t<\/div>\n\t\t<div class=\"elementor-element elementor-element-be7aa34 e-con-full e-flex e-con e-child\" data-id=\"be7aa34\" data-element_type=\"container\" data-e-type=\"container\">\n\t\t\t\t<div class=\"elementor-element elementor-element-f5d58cf elementor-widget elementor-widget-image\" data-id=\"f5d58cf\" data-element_type=\"widget\" data-e-type=\"widget\" data-widget_type=\"image.default\">\n\t\t\t\t\t\t\t\t\t\t\t\t\t\t\t<img loading=\"lazy\" decoding=\"async\" width=\"209\" height=\"88\" src=\"https:\/\/dualko-eu.org\/wp-content\/uploads\/2025\/12\/ascal-logo.jpg\" class=\"attachment-1536x1536 size-1536x1536 wp-image-142\" alt=\"\" \/>\t\t\t\t\t\t\t\t\t\t\t\t\t\t\t<\/div>\n\t\t\t\t<\/div>\n\t\t<div class=\"elementor-element elementor-element-3642bff e-con-full e-flex e-con e-child\" data-id=\"3642bff\" data-element_type=\"container\" data-e-type=\"container\">\n\t\t\t\t<div class=\"elementor-element elementor-element-34ddebe elementor-widget elementor-widget-text-editor\" data-id=\"34ddebe\" data-element_type=\"widget\" data-e-type=\"widget\" data-widget_type=\"text-editor.default\">\n\t\t\t\t\t\t\t\t\t<h5>Agjencia e Sigurimit t\u00eb Cil\u00ebsis\u00eb n\u00eb Arsimin e Lart\u00eb (ASCAL) \u2013 Albania<\/h5>\t\t\t\t\t\t\t\t<\/div>\n\t\t\t\t<\/div>\n\t\t\t\t<\/div>\n\t\t\t\t\t<\/div>\n\t\t\t\t<\/div>\n\t\t<div class=\"elementor-element elementor-element-ba453bd e-con-full e-flex e-con e-parent\" data-id=\"ba453bd\" data-element_type=\"container\" data-e-type=\"container\" data-settings=\"{&quot;background_background&quot;:&quot;classic&quot;}\">\n\t\t\t\t<div class=\"elementor-element elementor-element-a895a34 elementor-widget elementor-widget-spacer\" data-id=\"a895a34\" data-element_type=\"widget\" data-e-type=\"widget\" data-widget_type=\"spacer.default\">\n\t\t\t\t\t\t\t<div class=\"elementor-spacer\">\n\t\t\t<div class=\"elementor-spacer-inner\"><\/div>\n\t\t<\/div>\n\t\t\t\t\t\t<\/div>\n\t\t\t\t<\/div>\n\t\t\t\t<\/div>\n\t\t","protected":false},"excerpt":{"rendered":"<p>PROJECT PARTNERS Universiteti \u201cAleksand\u00ebr Xhuvani\u201d Elbasan \u2013 Albania FH JOANNEUM Gesellschaft mbH \u2013 Austria Akademia WSB \u2013 Poland Neapolis University \u2013 Cyprus European University of Tirana (UET) \u2013 Albania Kolegji Universum O.P. \u2013 Kosovo Universiteti Publik \u201cKadri Zeka\u201d \u2013 Kosovo Shoqata p\u00ebr Teknologji t\u00eb Informacionit dhe t\u00eb Komunikimit (TIK) \u2013 Kosovo A and I Services&hellip;&nbsp;<a href=\"https:\/\/dualko-eu.org\/?page_id=18\" rel=\"bookmark\"><span class=\"screen-reader-text\">Consortium<\/span><\/a><\/p>\n","protected":false},"author":1,"featured_media":0,"parent":0,"menu_order":0,"comment_status":"closed","ping_status":"closed","template":"elementor_header_footer","meta":{"neve_meta_sidebar":"","neve_meta_container":"","neve_meta_enable_content_width":"off","neve_meta_content_width":100,"neve_meta_title_alignment":"","neve_meta_author_avatar":"","neve_post_elements_order":"","neve_meta_disable_header":"","neve_meta_disable_footer":"","neve_meta_disable_title":"","footnotes":""},"class_list":["post-18","page","type-page","status-publish","hentry"],"yoast_head":"<!-- This site is optimized with the Yoast SEO plugin v27.2 - https:\/\/yoast.com\/product\/yoast-seo-wordpress\/ -->\n<title>Consortium - dualko-eu.org<\/title>\n<meta name=\"robots\" content=\"index, follow, max-snippet:-1, max-image-preview:large, max-video-preview:-1\" \/>\n<link rel=\"canonical\" href=\"https:\/\/dualko-eu.org\/?page_id=18\" \/>\n<meta property=\"og:locale\" content=\"en_US\" \/>\n<meta property=\"og:type\" content=\"article\" \/>\n<meta property=\"og:title\" content=\"Consortium - dualko-eu.org\" \/>\n<meta property=\"og:description\" content=\"PROJECT PARTNERS Universiteti \u201cAleksand\u00ebr Xhuvani\u201d Elbasan \u2013 Albania FH JOANNEUM Gesellschaft mbH \u2013 Austria Akademia WSB \u2013 Poland Neapolis University \u2013 Cyprus European University of Tirana (UET) \u2013 Albania Kolegji Universum O.P. \u2013 Kosovo Universiteti Publik \u201cKadri Zeka\u201d \u2013 Kosovo Shoqata p\u00ebr Teknologji t\u00eb Informacionit dhe t\u00eb Komunikimit (TIK) \u2013 Kosovo A and I Services&hellip;&nbsp;Consortium\" \/>\n<meta property=\"og:url\" content=\"https:\/\/dualko-eu.org\/?page_id=18\" \/>\n<meta property=\"og:site_name\" content=\"dualko-eu.org\" \/>\n<meta property=\"article:modified_time\" content=\"2026-01-30T15:37:59+00:00\" \/>\n<meta property=\"og:image\" content=\"https:\/\/dualko-eu.org\/wp-content\/uploads\/2025\/12\/logo-uniel.png\" \/>\n\t<meta property=\"og:image:width\" content=\"275\" \/>\n\t<meta property=\"og:image:height\" content=\"80\" \/>\n\t<meta property=\"og:image:type\" content=\"image\/png\" \/>\n<meta name=\"twitter:card\" content=\"summary_large_image\" \/>\n<meta name=\"twitter:label1\" content=\"Est. reading time\" \/>\n\t<meta name=\"twitter:data1\" content=\"1 minute\" \/>\n<script type=\"application\/ld+json\" class=\"yoast-schema-graph\">{\"@context\":\"https:\/\/schema.org\",\"@graph\":[{\"@type\":\"WebPage\",\"@id\":\"https:\/\/dualko-eu.org\/?page_id=18\",\"url\":\"https:\/\/dualko-eu.org\/?page_id=18\",\"name\":\"Consortium - dualko-eu.org\",\"isPartOf\":{\"@id\":\"https:\/\/dualko-eu.org\/#website\"},\"primaryImageOfPage\":{\"@id\":\"https:\/\/dualko-eu.org\/?page_id=18#primaryimage\"},\"image\":{\"@id\":\"https:\/\/dualko-eu.org\/?page_id=18#primaryimage\"},\"thumbnailUrl\":\"https:\/\/dualko-eu.org\/wp-content\/uploads\/2025\/12\/logo-uniel.png\",\"datePublished\":\"2025-12-15T08:35:02+00:00\",\"dateModified\":\"2026-01-30T15:37:59+00:00\",\"breadcrumb\":{\"@id\":\"https:\/\/dualko-eu.org\/?page_id=18#breadcrumb\"},\"inLanguage\":\"en-US\",\"potentialAction\":[{\"@type\":\"ReadAction\",\"target\":[\"https:\/\/dualko-eu.org\/?page_id=18\"]}]},{\"@type\":\"ImageObject\",\"inLanguage\":\"en-US\",\"@id\":\"https:\/\/dualko-eu.org\/?page_id=18#primaryimage\",\"url\":\"https:\/\/dualko-eu.org\/wp-content\/uploads\/2025\/12\/logo-uniel.png\",\"contentUrl\":\"https:\/\/dualko-eu.org\/wp-content\/uploads\/2025\/12\/logo-uniel.png\",\"width\":275,\"height\":80},{\"@type\":\"BreadcrumbList\",\"@id\":\"https:\/\/dualko-eu.org\/?page_id=18#breadcrumb\",\"itemListElement\":[{\"@type\":\"ListItem\",\"position\":1,\"name\":\"Home\",\"item\":\"https:\/\/dualko-eu.org\/\"},{\"@type\":\"ListItem\",\"position\":2,\"name\":\"Consortium\"}]},{\"@type\":\"WebSite\",\"@id\":\"https:\/\/dualko-eu.org\/#website\",\"url\":\"https:\/\/dualko-eu.org\/\",\"name\":\"dualko-eu.org\",\"description\":\"\",\"potentialAction\":[{\"@type\":\"SearchAction\",\"target\":{\"@type\":\"EntryPoint\",\"urlTemplate\":\"https:\/\/dualko-eu.org\/?s={search_term_string}\"},\"query-input\":{\"@type\":\"PropertyValueSpecification\",\"valueRequired\":true,\"valueName\":\"search_term_string\"}}],\"inLanguage\":\"en-US\"}]}<\/script>\n<!-- \/ Yoast SEO plugin. -->","yoast_head_json":{"title":"Consortium - dualko-eu.org","robots":{"index":"index","follow":"follow","max-snippet":"max-snippet:-1","max-image-preview":"max-image-preview:large","max-video-preview":"max-video-preview:-1"},"canonical":"https:\/\/dualko-eu.org\/?page_id=18","og_locale":"en_US","og_type":"article","og_title":"Consortium - dualko-eu.org","og_description":"PROJECT PARTNERS Universiteti \u201cAleksand\u00ebr Xhuvani\u201d Elbasan \u2013 Albania FH JOANNEUM Gesellschaft mbH \u2013 Austria Akademia WSB \u2013 Poland Neapolis University \u2013 Cyprus European University of Tirana (UET) \u2013 Albania Kolegji Universum O.P. \u2013 Kosovo Universiteti Publik \u201cKadri Zeka\u201d \u2013 Kosovo Shoqata p\u00ebr Teknologji t\u00eb Informacionit dhe t\u00eb Komunikimit (TIK) \u2013 Kosovo A and I Services&hellip;&nbsp;Consortium","og_url":"https:\/\/dualko-eu.org\/?page_id=18","og_site_name":"dualko-eu.org","article_modified_time":"2026-01-30T15:37:59+00:00","og_image":[{"width":275,"height":80,"url":"https:\/\/dualko-eu.org\/wp-content\/uploads\/2025\/12\/logo-uniel.png","type":"image\/png"}],"twitter_card":"summary_large_image","twitter_misc":{"Est. reading time":"1 minute"},"schema":{"@context":"https:\/\/schema.org","@graph":[{"@type":"WebPage","@id":"https:\/\/dualko-eu.org\/?page_id=18","url":"https:\/\/dualko-eu.org\/?page_id=18","name":"Consortium - dualko-eu.org","isPartOf":{"@id":"https:\/\/dualko-eu.org\/#website"},"primaryImageOfPage":{"@id":"https:\/\/dualko-eu.org\/?page_id=18#primaryimage"},"image":{"@id":"https:\/\/dualko-eu.org\/?page_id=18#primaryimage"},"thumbnailUrl":"https:\/\/dualko-eu.org\/wp-content\/uploads\/2025\/12\/logo-uniel.png","datePublished":"2025-12-15T08:35:02+00:00","dateModified":"2026-01-30T15:37:59+00:00","breadcrumb":{"@id":"https:\/\/dualko-eu.org\/?page_id=18#breadcrumb"},"inLanguage":"en-US","potentialAction":[{"@type":"ReadAction","target":["https:\/\/dualko-eu.org\/?page_id=18"]}]},{"@type":"ImageObject","inLanguage":"en-US","@id":"https:\/\/dualko-eu.org\/?page_id=18#primaryimage","url":"https:\/\/dualko-eu.org\/wp-content\/uploads\/2025\/12\/logo-uniel.png","contentUrl":"https:\/\/dualko-eu.org\/wp-content\/uploads\/2025\/12\/logo-uniel.png","width":275,"height":80},{"@type":"BreadcrumbList","@id":"https:\/\/dualko-eu.org\/?page_id=18#breadcrumb","itemListElement":[{"@type":"ListItem","position":1,"name":"Home","item":"https:\/\/dualko-eu.org\/"},{"@type":"ListItem","position":2,"name":"Consortium"}]},{"@type":"WebSite","@id":"https:\/\/dualko-eu.org\/#website","url":"https:\/\/dualko-eu.org\/","name":"dualko-eu.org","description":"","potentialAction":[{"@type":"SearchAction","target":{"@type":"EntryPoint","urlTemplate":"https:\/\/dualko-eu.org\/?s={search_term_string}"},"query-input":{"@type":"PropertyValueSpecification","valueRequired":true,"valueName":"search_term_string"}}],"inLanguage":"en-US"}]}},"rttpg_featured_image_url":null,"rttpg_author":{"display_name":"admin","author_link":"https:\/\/dualko-eu.org\/?author=1"},"rttpg_comment":0,"rttpg_category":null,"rttpg_excerpt":"PROJECT PARTNERS Universiteti \u201cAleksand\u00ebr Xhuvani\u201d Elbasan \u2013 Albania FH JOANNEUM Gesellschaft mbH \u2013 Austria Akademia WSB \u2013 Poland Neapolis University \u2013 Cyprus European University of Tirana (UET) \u2013 Albania Kolegji Universum O.P. \u2013 Kosovo Universiteti Publik \u201cKadri Zeka\u201d \u2013 Kosovo Shoqata p\u00ebr Teknologji t\u00eb Informacionit dhe t\u00eb Komunikimit (TIK) \u2013 Kosovo A and I Services&hellip;&nbsp;Consortium","_links":{"self":[{"href":"https:\/\/dualko-eu.org\/index.php?rest_route=\/wp\/v2\/pages\/18","targetHints":{"allow":["GET"]}}],"collection":[{"href":"https:\/\/dualko-eu.org\/index.php?rest_route=\/wp\/v2\/pages"}],"about":[{"href":"https:\/\/dualko-eu.org\/index.php?rest_route=\/wp\/v2\/types\/page"}],"author":[{"embeddable":true,"href":"https:\/\/dualko-eu.org\/index.php?rest_route=\/wp\/v2\/users\/1"}],"replies":[{"embeddable":true,"href":"https:\/\/dualko-eu.org\/index.php?rest_route=%2Fwp%2Fv2%2Fcomments&post=18"}],"version-history":[{"count":34,"href":"https:\/\/dualko-eu.org\/index.php?rest_route=\/wp\/v2\/pages\/18\/revisions"}],"predecessor-version":[{"id":413,"href":"https:\/\/dualko-eu.org\/index.php?rest_route=\/wp\/v2\/pages\/18\/revisions\/413"}],"wp:attachment":[{"href":"https:\/\/dualko-eu.org\/index.php?rest_route=%2Fwp%2Fv2%2Fmedia&parent=18"}],"curies":[{"name":"wp","href":"https:\/\/api.w.org\/{rel}","templated":true}]}}